{"id":7841,"date":"2022-11-06T14:56:04","date_gmt":"2022-11-06T13:56:04","guid":{"rendered":"https:\/\/www.24hvttcrapauds.com\/AMSQ\/?page_id=7841"},"modified":"2025-07-30T10:54:42","modified_gmt":"2025-07-30T09:54:42","slug":"contacts","status":"publish","type":"page","link":"https:\/\/www.24hvttcrapauds.com\/AMSQ\/contacts\/","title":{"rendered":"Contacts"},"content":{"rendered":"\n<div class=\"wp-block-columns is-layout-flex wp-container-core-columns-is-layout-9d6595d7 wp-block-columns-is-layout-flex\">\n<div class=\"wp-block-column is-layout-flow wp-block-column-is-layout-flow\">\n<p><strong>Adresse du club :<br \/><\/strong>AMSQ 12, rue de Ch\u00e2tel Saint Germain 57160 LESSY<\/p>\n\n\n\n<p><strong>Pr\u00e9sident :<br \/><\/strong>Beno\u00eet Mallet : 06 15 11 15 30<br \/>benoit.mallet@24hvttcrapauds.com<\/p>\n\n\n\n<p><strong>Vice-Pr\u00e9sident Partenariats :<\/strong><br \/>Henri Decker : 06 14 20 08 27<\/p>\n<\/div>\n\n\n\n<div class=\"wp-block-column is-layout-flow wp-block-column-is-layout-flow\">\n<p><strong>Mail :<\/strong><br \/>administrateur@24hvttcrapauds.com<\/p>\n\n\n\n<p><strong>Secr\u00e9taire, \u00e9cole VTT, <\/strong><strong>Canicross <\/strong>:<br \/>Gregory Sieja : 06 33 68 54 25<br \/>administrateur@24hvttcrapauds.com<\/p>\n\n\n\n<p><strong>Tr\u00e9sorier<\/strong> <br \/>tresorier@24hvttcrapauds.com<\/p>\n<\/div>\n<\/div>\n","protected":false},"excerpt":{"rendered":"<p>Adresse du club :AMSQ 12, rue de Ch\u00e2tel Saint Germain 57160 LESSY Pr\u00e9sident :Beno\u00eet Mallet : 06 15 11 15 30benoit.mallet@24hvttcrapauds.com Vice-Pr\u00e9sident Partenariats :Henri Decker &hellip; <\/p>\n","protected":false},"author":2,"featured_media":0,"parent":0,"menu_order":0,"comment_status":"closed","ping_status":"closed","template":"","meta":{"footnotes":""},"class_list":["post-7841","page","type-page","status-publish","hentry"],"_links":{"self":[{"href":"https:\/\/www.24hvttcrapauds.com\/AMSQ\/wp-json\/wp\/v2\/pages\/7841","targetHints":{"allow":["GET"]}}],"collection":[{"href":"https:\/\/www.24hvttcrapauds.com\/AMSQ\/wp-json\/wp\/v2\/pages"}],"about":[{"href":"https:\/\/www.24hvttcrapauds.com\/AMSQ\/wp-json\/wp\/v2\/types\/page"}],"author":[{"embeddable":true,"href":"https:\/\/www.24hvttcrapauds.com\/AMSQ\/wp-json\/wp\/v2\/users\/2"}],"replies":[{"embeddable":true,"href":"https:\/\/www.24hvttcrapauds.com\/AMSQ\/wp-json\/wp\/v2\/comments?post=7841"}],"version-history":[{"count":6,"href":"https:\/\/www.24hvttcrapauds.com\/AMSQ\/wp-json\/wp\/v2\/pages\/7841\/revisions"}],"predecessor-version":[{"id":9861,"href":"https:\/\/www.24hvttcrapauds.com\/AMSQ\/wp-json\/wp\/v2\/pages\/7841\/revisions\/9861"}],"wp:attachment":[{"href":"https:\/\/www.24hvttcrapauds.com\/AMSQ\/wp-json\/wp\/v2\/media?parent=7841"}],"curies":[{"name":"wp","href":"https:\/\/api.w.org\/{rel}","templated":true}]}}