{"id":2659,"date":"2016-08-24T21:03:55","date_gmt":"2016-08-24T19:03:55","guid":{"rendered":"http:\/\/www.24hvttcrapauds.com\/AMSQ\/?page_id=2659"},"modified":"2025-09-08T20:34:07","modified_gmt":"2025-09-08T19:34:07","slug":"le-trophee-des-tetards-presentation","status":"publish","type":"page","link":"https:\/\/www.24hvttcrapauds.com\/AMSQ\/le-trophee-des-tetards-presentation\/","title":{"rendered":"Le Troph\u00e9e des T\u00eatards"},"content":{"rendered":"\n<h2 class=\"wp-block-heading\">DIMANCHE 21 SEPTEMBRE 2025<\/h2>\n\n\n\n<h2 class=\"wp-block-heading\">G\u00eete des crapauds \u00e0 Lessy <\/h2>\n\n\n\n<p>(\u00e0 la sortie de Lessy en direction du col de Lessy)<\/p>\n\n\n\n<h2 class=\"wp-block-heading\">Les horaires&nbsp;: <\/h2>\n\n\n\n<ul class=\"wp-block-list\">\n<li>9h30 \u00e0 10h15 Retrait des dossards<\/li>\n\n\n\n<li>10 h 30 Briefing participants&nbsp;: obligatoire<\/li>\n\n\n\n<li>11 h 00 D\u00e9part de la course d\u00e9guis\u00e9 sur le th\u00e8me des vacances<\/li>\n\n\n\n<li>14 h 00 Arriv\u00e9e de la course<\/li>\n\n\n\n<li>14 h 45 Remise des prix<\/li>\n<\/ul>\n\n\n\n<h2 class=\"wp-block-heading\">Le principe de l\u2019\u00e9preuve&nbsp;:&nbsp;<\/h2>\n\n\n\n<p>Les enfants courent, en relais, sur un circuit de 3 km, durant 3 heures, obligatoirement en \u00e9quipe de 3. Le ravitaillement est pr\u00e9vu pour les enfants.<\/p>\n\n\n\n<p>Le montant de l&rsquo;inscription est fix\u00e9 \u00e0 10\u20ac pour chaque coureur.&nbsp;<\/p>\n\n\n\n<h2 class=\"wp-block-heading\">Les cat\u00e9gories&nbsp;:<\/h2>\n\n\n\n<p><strong><em>Poussin (7-8 ans) n\u00e9s en 2018 et 2017, <\/em><\/strong><br \/>P<strong><em>upille (9-10 ans) n\u00e9s en 2016 et 2015, <\/em><\/strong><br \/>B<strong><em>enjamin (11-12 ans) n\u00e9s en 2014 et 2013 <\/em><\/strong><br \/>M<strong><em>inime (13-14 ans) n\u00e9s en 2012 et 2011<br \/><\/em><\/strong>Toute \u00e9quipe comprenant au moins un gar\u00e7on sera automatiquement class\u00e9e dans la cat\u00e9gorie gar\u00e7on.<br \/>Il convient aussi de noter qu&rsquo;en cas de diff\u00e9rence d&rsquo;\u00e2ge entre les membres d&rsquo;une m\u00eame \u00e9quipe, la cat\u00e9gorie dans laquelle sera inscrite l&rsquo;\u00e9quipe sera celle de l&rsquo;\u00e9quipier le plus \u00e2g\u00e9. Ce qui a pour cons\u00e9quence par exemple d\u2019autoriser un enfant n\u00e9 en 2018 \u00e0 courir avec deux autres n\u00e9s en 2011 dans la cat\u00e9gorie \u00ab minimes \u00bb.<\/p>\n\n\n\n<h2 class=\"wp-block-heading\">Recommandations et obligations&nbsp;:<\/h2>\n\n\n\n<p>Les barbecues sont interdits sur le site en dehors de ceux de l\u2019organisation. Une buvette restauration est pr\u00e9vue pour les spectateurs.<br \/>Cette course est une course pour les enfants, les parents n&rsquo;ont donc pas acc\u00e8s au parc coureurs. Les jeunes qui souhaitent voir leurs parents doivent sortir du parc pour les voir.<br \/>Tout acte antisportif sera sanctionn\u00e9 par l&rsquo;annulation d&rsquo;un ou plusieurs tours, voire par la disqualification de l&rsquo;\u00e9quipe.<br \/>Quatre commissaires, sous la responsabilit\u00e9 d&rsquo;un commissaire g\u00e9n\u00e9ral de l&rsquo;\u00e9preuve, seront charg\u00e9s de veiller au respect du r\u00e8glement et au bon comportement de chacun.<br \/>Par acte antisportif, il est entendu : couper le circuit, avoir un comportement agressif envers les autres participants ou les commissaires, non respect du site de l&rsquo;\u00e9preuve (jeter un papier au sol, ab\u00eemer des plantations\u2026 etc.).<\/p>\n\n\n\n<h2 class=\"wp-block-heading\">L\u2019inscription&nbsp;:<\/h2>\n\n\n\n<p>L\u2019inscription se fait en ligne sur : <a href=\"https:\/\/inscriptions.ufolep.org\/tetards-2025\/\" target=\"_blank\" rel=\"noreferrer noopener\">http:\/\/inscriptions.ufolep.org\/tetards-2025<\/a><\/p>\n\n\n\n<p>Lors de l\u2019inscription sur le site, vous devrez charger en ligne, obligatoirement, l&rsquo;<strong>autorisation parentale<\/strong> disponible sur le site d&rsquo;inscription. <\/p>\n\n\n\n<h2 class=\"wp-block-heading\">Comment nous joindre&nbsp;?<\/h2>\n\n\n\n<p>Par mail \u00e0 cette adresse&nbsp;:&nbsp;<a href=\"mailto:inscriptions.crapauds@gmail.com\">administrateur@24hvttcrapauds.com<\/a><\/p>\n","protected":false},"excerpt":{"rendered":"<p>DIMANCHE 21 SEPTEMBRE 2025 G\u00eete des crapauds \u00e0 Lessy (\u00e0 la sortie de Lessy en direction du col de Lessy) Les horaires&nbsp;: Le principe de &hellip; <\/p>\n","protected":false},"author":1,"featured_media":0,"parent":0,"menu_order":0,"comment_status":"closed","ping_status":"closed","template":"","meta":{"footnotes":""},"class_list":["post-2659","page","type-page","status-publish","hentry"],"_links":{"self":[{"href":"https:\/\/www.24hvttcrapauds.com\/AMSQ\/wp-json\/wp\/v2\/pages\/2659","targetHints":{"allow":["GET"]}}],"collection":[{"href":"https:\/\/www.24hvttcrapauds.com\/AMSQ\/wp-json\/wp\/v2\/pages"}],"about":[{"href":"https:\/\/www.24hvttcrapauds.com\/AMSQ\/wp-json\/wp\/v2\/types\/page"}],"author":[{"embeddable":true,"href":"https:\/\/www.24hvttcrapauds.com\/AMSQ\/wp-json\/wp\/v2\/users\/1"}],"replies":[{"embeddable":true,"href":"https:\/\/www.24hvttcrapauds.com\/AMSQ\/wp-json\/wp\/v2\/comments?post=2659"}],"version-history":[{"count":25,"href":"https:\/\/www.24hvttcrapauds.com\/AMSQ\/wp-json\/wp\/v2\/pages\/2659\/revisions"}],"predecessor-version":[{"id":9899,"href":"https:\/\/www.24hvttcrapauds.com\/AMSQ\/wp-json\/wp\/v2\/pages\/2659\/revisions\/9899"}],"wp:attachment":[{"href":"https:\/\/www.24hvttcrapauds.com\/AMSQ\/wp-json\/wp\/v2\/media?parent=2659"}],"curies":[{"name":"wp","href":"https:\/\/api.w.org\/{rel}","templated":true}]}}