{"id":2574,"date":"2016-04-24T12:24:28","date_gmt":"2016-04-24T10:24:28","guid":{"rendered":"http:\/\/www.24hvttcrapauds.com\/AMSQ\/?page_id=2574"},"modified":"2025-03-24T22:06:49","modified_gmt":"2025-03-24T21:06:49","slug":"qui-sommes-nous-2","status":"publish","type":"page","link":"https:\/\/www.24hvttcrapauds.com\/AMSQ\/qui-sommes-nous-2\/","title":{"rendered":"Qui sommes-nous ?"},"content":{"rendered":"<p style=\"text-align: center;\">Le Mont Saint-Quentin, v\u00e9ritable poumon vert de l\u2019agglom\u00e9ration messine qui culmine \u00e0 358 m d\u2019altitude. C\u2019est dans cet \u00e9crin de nature que se retrouvent promeneurs, cyclistes, coureurs, cavaliers et autres sportifs. C\u2019est l\u00e0 aussi qu\u2019une poign\u00e9e de v\u00e9t\u00e9tistes s\u2019est retrouv\u00e9e pour former Aventure Mont Saint-Quentin. C\u2019\u00e9tait en 1989.<\/p>\n<p style=\"text-align: center;\">Aujourd\u2019hui, plus de trente ans plus tard, la passion est toujours l\u00e0, et c\u2019est avec plaisir que les nombreux membres de notre association se retrouvent pour rouler, le week-end au d\u00e9part du g\u00eete des Crapauds \u00e0 Lessy, \u00e0 l\u2019occasion de voyages, en tant qu\u2019amis lors de f\u00eates (\u00e0 No\u00ebl ou en fin de saison) ou en tant que b\u00e9n\u00e9voles lors des manifestations que nous organisons. Le b\u00e9n\u00e9volat, c\u2019est notre force, celle qui est le fondement d\u2019un \u00e9v\u00e9nement comme les Crapauds.<\/p>\n<p style=\"text-align: center;\">Nous assurons aussi \u2013 avec l\u2019aide d\u2019une trentaine d\u2019\u00e9ducateurs b\u00e9n\u00e9voles agr\u00e9\u00e9s \u2013 une \u00e9cole VTT qui initie les plus jeunes, d\u00e8s l\u2019\u00e2ge de sept ans. Le mercredi et le samedi, plus d\u2019une cinquantaine de jeunes roulent, faisant ainsi de notre \u00e9cole la plus grande du d\u00e9partement.<\/p>\n<p style=\"text-align: center;\">Aventure Mont Saint-Quentin se veut un club accueillant, convivial et familial. De la randonn\u00e9e sur grands chemins \u00e0 une pratique plus engag\u00e9e, chacun peut pratiquer le VTT selon ses envies et capacit\u00e9s, avec une d\u00e9marche de respect de la nature et de l\u2019environnement.<\/p>\n<p style=\"text-align: center;\">Notre association est aussi relais local MBF et membre de l&rsquo;AAPPAN.<\/p>\n<p style=\"text-align: center;\">Nous proposons aussi des sorties Gravel, Canicross, Marche&#8230;<\/p>\n<p style=\"text-align: center;\"><a href=\"http:\/\/www.24hvttcrapauds.com\/AMSQ\/qui-sommes-nous-2\/10329244_989126627834342_3078569427268041842_n\/\" rel=\"attachment wp-att-2583\"><img loading=\"lazy\" decoding=\"async\" class=\"alignnone size-full wp-image-2583\" src=\"http:\/\/www.24hvttcrapauds.com\/AMSQ\/wp-content\/uploads\/2016\/04\/10329244_989126627834342_3078569427268041842_n.jpg\" alt=\"10329244_989126627834342_3078569427268041842_n\" width=\"960\" height=\"540\" srcset=\"https:\/\/www.24hvttcrapauds.com\/AMSQ\/wp-content\/uploads\/2016\/04\/10329244_989126627834342_3078569427268041842_n.jpg 960w, https:\/\/www.24hvttcrapauds.com\/AMSQ\/wp-content\/uploads\/2016\/04\/10329244_989126627834342_3078569427268041842_n-300x169.jpg 300w, https:\/\/www.24hvttcrapauds.com\/AMSQ\/wp-content\/uploads\/2016\/04\/10329244_989126627834342_3078569427268041842_n-768x432.jpg 768w, https:\/\/www.24hvttcrapauds.com\/AMSQ\/wp-content\/uploads\/2016\/04\/10329244_989126627834342_3078569427268041842_n-830x467.jpg 830w, https:\/\/www.24hvttcrapauds.com\/AMSQ\/wp-content\/uploads\/2016\/04\/10329244_989126627834342_3078569427268041842_n-230x129.jpg 230w, https:\/\/www.24hvttcrapauds.com\/AMSQ\/wp-content\/uploads\/2016\/04\/10329244_989126627834342_3078569427268041842_n-350x197.jpg 350w\" sizes=\"auto, (max-width: 960px) 100vw, 960px\" \/><\/a><\/p>\n<p style=\"text-align: center;\">\n","protected":false},"excerpt":{"rendered":"<p>Le Mont Saint-Quentin, v\u00e9ritable poumon vert de l\u2019agglom\u00e9ration messine qui culmine \u00e0 358 m d\u2019altitude. C\u2019est dans cet \u00e9crin de nature que se retrouvent promeneurs, &hellip; <\/p>\n","protected":false},"author":1,"featured_media":0,"parent":0,"menu_order":0,"comment_status":"closed","ping_status":"closed","template":"","meta":{"footnotes":""},"class_list":["post-2574","page","type-page","status-publish","hentry"],"_links":{"self":[{"href":"https:\/\/www.24hvttcrapauds.com\/AMSQ\/wp-json\/wp\/v2\/pages\/2574","targetHints":{"allow":["GET"]}}],"collection":[{"href":"https:\/\/www.24hvttcrapauds.com\/AMSQ\/wp-json\/wp\/v2\/pages"}],"about":[{"href":"https:\/\/www.24hvttcrapauds.com\/AMSQ\/wp-json\/wp\/v2\/types\/page"}],"author":[{"embeddable":true,"href":"https:\/\/www.24hvttcrapauds.com\/AMSQ\/wp-json\/wp\/v2\/users\/1"}],"replies":[{"embeddable":true,"href":"https:\/\/www.24hvttcrapauds.com\/AMSQ\/wp-json\/wp\/v2\/comments?post=2574"}],"version-history":[{"count":6,"href":"https:\/\/www.24hvttcrapauds.com\/AMSQ\/wp-json\/wp\/v2\/pages\/2574\/revisions"}],"predecessor-version":[{"id":7819,"href":"https:\/\/www.24hvttcrapauds.com\/AMSQ\/wp-json\/wp\/v2\/pages\/2574\/revisions\/7819"}],"wp:attachment":[{"href":"https:\/\/www.24hvttcrapauds.com\/AMSQ\/wp-json\/wp\/v2\/media?parent=2574"}],"curies":[{"name":"wp","href":"https:\/\/api.w.org\/{rel}","templated":true}]}}